{"id":2876,"date":"2018-05-03T15:17:53","date_gmt":"2018-05-03T13:17:53","guid":{"rendered":"https:\/\/eottd2025.grupoaran.com\/programa\/"},"modified":"2025-05-20T14:38:17","modified_gmt":"2025-05-20T12:38:17","slug":"programme","status":"publish","type":"page","link":"https:\/\/eottd2025.grupoaran.com\/en\/programme\/","title":{"rendered":"Programme"},"content":{"rendered":"<div id='av_section_1'  class='avia-section main_color avia-section-default avia-no-border-styling  avia-bg-style-scroll  avia-builder-el-0  el_before_av_section  avia-builder-el-first   av-minimum-height av-minimum-height-custom  container_wrap fullsize' style='background-color: #b77ca7;  '  ><div class='container' style='height:230px'><main  role=\"main\" itemprop=\"mainContentOfPage\"  class='template-page content  av-content-full alpha units'><div class='post-entry post-entry-type-page post-entry-2876'><div class='entry-content-wrapper clearfix'>\n<div class=\"flex_column av_one_full  av-animated-generic left-to-right  flex_column_div first  avia-builder-el-1  avia-builder-el-no-sibling  \" style='margin-top:0px; margin-bottom:0px; padding:30px; border-radius:0px; '><p><div  style='padding-bottom:0px; margin: 0 0 0 0;color:#ffffff;font-size:3vw;' class='av-special-heading av-special-heading-h2 custom-color-heading blockquote modern-quote modern-centered  avia-builder-el-2  el_before_av_hr  avia-builder-el-first  av-inherit-size '><h2 class='av-special-heading-tag '  itemprop=\"headline\"  >Programme<\/h2><div class='special-heading-border'><div class='special-heading-inner-border' style='border-color:#ffffff'><\/div><\/div><\/div><br \/>\n<div  style='height:20px' class='hr hr-invisible   avia-builder-el-3  el_after_av_heading  el_before_av_button '><span class='hr-inner ' ><span class='hr-inner-style'><\/span><\/span><\/div><br \/>\n<div  class='avia-button-wrap avia-button-center  avia-builder-el-4  el_after_av_hr  avia-builder-el-last ' ><a href='\/docs\/programa-eottd-2025.pdf?v=13_20250520' class='avia-button av-icon-on-hover  avia-icon_select-yes-right-icon avia-size-large avia-position-center ' target=\"_blank\" rel=\"noopener noreferrer\" style='background-color:#ffffff; border-color:#ffffff; color:#b77ca7; '><span class='avia_iconbox_title' >Download PDF | Programme<\/span><span class='avia_button_icon avia_button_icon_right' aria-hidden='true' data-av_icon='\ue879' data-av_iconfont='entypo-fontello'><\/span><span class='avia_button_background avia-button avia-color-theme-color-highlight' ><\/span><\/a><\/div><\/p><\/div><\/div><\/div><\/main><!-- close content main element --><\/div><\/div><div id='av_section_2'  class='avia-section main_color avia-section-default avia-no-border-styling  avia-bg-style-scroll  avia-builder-el-5  el_after_av_section  el_before_av_section   container_wrap fullsize' style=' '  ><div class='container' ><div class='template-page content  av-content-full alpha units'><div class='post-entry post-entry-type-page post-entry-2876'><div class='entry-content-wrapper clearfix'>\n<div  style='padding-bottom:10px; font-size:24px;' class='av-special-heading av-special-heading-h3  blockquote modern-quote modern-centered  avia-builder-el-6  el_before_av_one_fifth  avia-builder-el-first  av-inherit-size '><h3 class='av-special-heading-tag '  itemprop=\"headline\"  >Friday, 23 May &#8211; EOTTD2025<\/h3><div class='special-heading-border'><div class='special-heading-inner-border' ><\/div><\/div><\/div>\n<div class=\"flex_column av_one_fifth  flex_column_div av-zero-column-padding first  avia-builder-el-7  el_after_av_heading  el_before_av_three_fifth  \" style='border-radius:0px; '><\/div><div class=\"flex_column av_three_fifth  flex_column_div av-zero-column-padding   avia-builder-el-8  el_after_av_one_fifth  el_before_av_one_fifth  program-table \" style='border-radius:0px; '><section class=\"av_textblock_section \"  itemscope=\"itemscope\" itemtype=\"https:\/\/schema.org\/CreativeWork\" ><div class='avia_textblock  '   itemprop=\"text\" ><p><img loading=\"lazy\" decoding=\"async\" class=\"aligncenter size-full wp-image-3383\" src=\"https:\/\/eottd2025.grupoaran.com\/wp-content\/uploads\/2025\/05\/eottd2025-programa-v13-pag01.png\" alt=\"Programa EOTTD 2025\" width=\"1170\" height=\"860\" srcset=\"https:\/\/eottd2025.grupoaran.com\/wp-content\/uploads\/2025\/05\/eottd2025-programa-v13-pag01.png 1170w, https:\/\/eottd2025.grupoaran.com\/wp-content\/uploads\/2025\/05\/eottd2025-programa-v13-pag01-300x221.png 300w, https:\/\/eottd2025.grupoaran.com\/wp-content\/uploads\/2025\/05\/eottd2025-programa-v13-pag01-1030x757.png 1030w, https:\/\/eottd2025.grupoaran.com\/wp-content\/uploads\/2025\/05\/eottd2025-programa-v13-pag01-768x565.png 768w, https:\/\/eottd2025.grupoaran.com\/wp-content\/uploads\/2025\/05\/eottd2025-programa-v13-pag01-705x518.png 705w\" sizes=\"auto, (max-width: 1170px) 100vw, 1170px\" \/> <img loading=\"lazy\" decoding=\"async\" class=\"aligncenter size-full wp-image-3385\" src=\"https:\/\/eottd2025.grupoaran.com\/wp-content\/uploads\/2025\/05\/eottd2025-programa-v13-pag02.png\" alt=\"Programa EOTTD 2025\" width=\"1170\" height=\"860\" srcset=\"https:\/\/eottd2025.grupoaran.com\/wp-content\/uploads\/2025\/05\/eottd2025-programa-v13-pag02.png 1170w, https:\/\/eottd2025.grupoaran.com\/wp-content\/uploads\/2025\/05\/eottd2025-programa-v13-pag02-300x221.png 300w, https:\/\/eottd2025.grupoaran.com\/wp-content\/uploads\/2025\/05\/eottd2025-programa-v13-pag02-1030x757.png 1030w, https:\/\/eottd2025.grupoaran.com\/wp-content\/uploads\/2025\/05\/eottd2025-programa-v13-pag02-768x565.png 768w, https:\/\/eottd2025.grupoaran.com\/wp-content\/uploads\/2025\/05\/eottd2025-programa-v13-pag02-705x518.png 705w\" sizes=\"auto, (max-width: 1170px) 100vw, 1170px\" \/><\/p>\n<\/div><\/section><\/div><div class=\"flex_column av_one_fifth  flex_column_div av-zero-column-padding   avia-builder-el-10  el_after_av_three_fifth  avia-builder-el-last  \" style='border-radius:0px; '><\/div><\/div><\/div><\/div><!-- close content main div --><\/div><\/div><div id='av_section_3'  class='avia-section main_color avia-section-no-padding avia-no-border-styling  avia-bg-style-scroll  avia-builder-el-11  el_after_av_section  avia-builder-el-last   container_wrap fullsize' style=' '  ><div class='container' ><div class='template-page content  av-content-full alpha units'><div class='post-entry post-entry-type-page post-entry-2876'><div class='entry-content-wrapper clearfix'>\n<div  style='padding-bottom:20px; font-size:24px;' class='av-special-heading av-special-heading-h3  blockquote modern-quote modern-centered  avia-builder-el-12  el_before_av_hr  avia-builder-el-first  av-inherit-size '><h3 class='av-special-heading-tag '  itemprop=\"headline\"  >Saturday, 24 May &#8211; EOTTD closed meeting (EOTTD members only)<\/h3><div class='special-heading-border'><div class='special-heading-inner-border' ><\/div><\/div><\/div>\n<div  style='height:50px' class='hr hr-invisible   avia-builder-el-13  el_after_av_heading  el_before_av_one_fifth '><span class='hr-inner ' ><span class='hr-inner-style'><\/span><\/span><\/div>\n<div class=\"flex_column av_one_fifth  flex_column_div av-zero-column-padding first  avia-builder-el-14  el_after_av_hr  el_before_av_three_fifth  \" style='border-radius:0px; '><\/div><div class=\"flex_column av_three_fifth  flex_column_div av-zero-column-padding   avia-builder-el-15  el_after_av_one_fifth  el_before_av_one_fifth  program-table \" style='border-radius:0px; '><section class=\"av_textblock_section \"  itemscope=\"itemscope\" itemtype=\"https:\/\/schema.org\/CreativeWork\" ><div class='avia_textblock  '   itemprop=\"text\" ><table>\n<thead>\n<tr>\n<th>time<\/th>\n<th><\/th>\n<th>room<\/th>\n<\/tr>\n<\/thead>\n<tbody>\n<tr>\n<td><strong>08.30-09.00<\/strong><\/td>\n<td><strong>Morning assembly working parties<\/strong><\/td>\n<td><strong>Aula Profesor Fern\u00e1ndez Cruz<\/strong><\/td>\n<\/tr>\n<tr>\n<td>09.00-11.00<\/td>\n<td>Clinical<\/td>\n<td>Aula Profesor Fern\u00e1ndez Cruz<\/td>\n<\/tr>\n<tr>\n<td><\/td>\n<td>hCG<\/td>\n<td>Aula Servicio de Oncolog\u00eda M\u00e9dica<\/td>\n<\/tr>\n<tr>\n<td><\/td>\n<td>Pathology\/ genetics<\/td>\n<td>Aula Profesor L\u00f3pez Timoneda<\/td>\n<\/tr>\n<tr>\n<td><\/td>\n<td>Nurses<\/td>\n<td>Aula Profesor Espin\u00f3s P\u00e9rez<\/td>\n<\/tr>\n<tr>\n<td>11.00-11.30<\/td>\n<td>Coffee break<\/td>\n<td><\/td>\n<\/tr>\n<tr>\n<td>11.30-12.20<\/td>\n<td>Working parties report<\/td>\n<td>Aula Profesor Fern\u00e1ndez Cruz<\/td>\n<\/tr>\n<tr>\n<td>12.20-13.20<\/td>\n<td>EOTTD general assembly<\/td>\n<td>Aula Profesor Fern\u00e1ndez Cruz<\/td>\n<\/tr>\n<tr>\n<td>13.20-13.30<\/td>\n<td><strong>Formal closure of the day and handout delivery<br \/>\n<\/strong>(Cierre por Antonio Casado)<\/td>\n<td><strong>Aula Profesor Fern\u00e1ndez Cruz<\/strong><\/td>\n<\/tr>\n<tr>\n<td>13.30-14.00<\/td>\n<td>EOTTD board meeting<\/td>\n<td>Aula Profesor Fern\u00e1ndez Cruz<\/td>\n<\/tr>\n<\/tbody>\n<\/table>\n<\/div><\/section><\/div><div class=\"flex_column av_one_fifth  flex_column_div av-zero-column-padding   avia-builder-el-17  el_after_av_three_fifth  avia-builder-el-last  \" style='border-radius:0px; '><\/div>\n<\/p>\n","protected":false},"excerpt":{"rendered":"<p>The XIII Meeting of the EOTTD will be held on 23 and 24 May 2025 at the Hospital Cl\u00ednico San Carlos, Madrid, Spain.<\/p>\n","protected":false},"author":1,"featured_media":2845,"parent":0,"menu_order":0,"comment_status":"closed","ping_status":"closed","template":"","meta":{"footnotes":""},"class_list":["post-2876","page","type-page","status-publish","has-post-thumbnail","hentry"],"yoast_head":"<!-- This site is optimized with the Yoast SEO plugin v24.7 - https:\/\/yoast.com\/wordpress\/plugins\/seo\/ -->\n<title>Programme - XIII EOTTD Meeting 2025<\/title>\n<meta name=\"description\" content=\"The XIII Meeting of the EOTTD will be held on 23 and 24 May 2025 at the Hospital Cl\u00ednico San Carlos, Madrid, Spain.\" \/>\n<meta name=\"robots\" content=\"index, follow, max-snippet:-1, max-image-preview:large, max-video-preview:-1\" \/>\n<link rel=\"canonical\" href=\"https:\/\/eottd2025.grupoaran.com\/en\/programme\/\" \/>\n<meta property=\"og:locale\" content=\"en_US\" \/>\n<meta property=\"og:type\" content=\"article\" \/>\n<meta property=\"og:title\" content=\"Programme - XIII EOTTD Meeting 2025\" \/>\n<meta property=\"og:description\" content=\"The XIII Meeting of the EOTTD will be held on 23 and 24 May 2025 at the Hospital Cl\u00ednico San Carlos, Madrid, Spain.\" \/>\n<meta property=\"og:url\" content=\"https:\/\/eottd2025.grupoaran.com\/en\/programme\/\" \/>\n<meta property=\"og:site_name\" content=\"XIII EOTTD Meeting 2025\" \/>\n<meta property=\"article:modified_time\" content=\"2025-05-20T12:38:17+00:00\" \/>\n<meta property=\"og:image\" content=\"https:\/\/eottd2025.grupoaran.com\/wp-content\/uploads\/2025\/02\/eottd2025-save-the-date.jpg\" \/>\n\t<meta property=\"og:image:width\" content=\"680\" \/>\n\t<meta property=\"og:image:height\" content=\"392\" \/>\n\t<meta property=\"og:image:type\" content=\"image\/jpeg\" \/>\n<meta name=\"twitter:card\" content=\"summary_large_image\" \/>\n<meta name=\"twitter:label1\" content=\"Est. reading time\" \/>\n\t<meta name=\"twitter:data1\" content=\"5 minutes\" \/>\n<script type=\"application\/ld+json\" class=\"yoast-schema-graph\">{\"@context\":\"https:\/\/schema.org\",\"@graph\":[{\"@type\":\"WebPage\",\"@id\":\"https:\/\/eottd2025.grupoaran.com\/en\/programme\/\",\"url\":\"https:\/\/eottd2025.grupoaran.com\/en\/programme\/\",\"name\":\"Programme - XIII EOTTD Meeting 2025\",\"isPartOf\":{\"@id\":\"https:\/\/eottd2025.grupoaran.com\/en\/#website\"},\"primaryImageOfPage\":{\"@id\":\"https:\/\/eottd2025.grupoaran.com\/en\/programme\/#primaryimage\"},\"image\":{\"@id\":\"https:\/\/eottd2025.grupoaran.com\/en\/programme\/#primaryimage\"},\"thumbnailUrl\":\"https:\/\/eottd2025.grupoaran.com\/wp-content\/uploads\/2025\/02\/eottd2025-save-the-date.jpg\",\"datePublished\":\"2018-05-03T13:17:53+00:00\",\"dateModified\":\"2025-05-20T12:38:17+00:00\",\"description\":\"The XIII Meeting of the EOTTD will be held on 23 and 24 May 2025 at the Hospital Cl\u00ednico San Carlos, Madrid, Spain.\",\"breadcrumb\":{\"@id\":\"https:\/\/eottd2025.grupoaran.com\/en\/programme\/#breadcrumb\"},\"inLanguage\":\"en-US\",\"potentialAction\":[{\"@type\":\"ReadAction\",\"target\":[\"https:\/\/eottd2025.grupoaran.com\/en\/programme\/\"]}]},{\"@type\":\"ImageObject\",\"inLanguage\":\"en-US\",\"@id\":\"https:\/\/eottd2025.grupoaran.com\/en\/programme\/#primaryimage\",\"url\":\"https:\/\/eottd2025.grupoaran.com\/wp-content\/uploads\/2025\/02\/eottd2025-save-the-date.jpg\",\"contentUrl\":\"https:\/\/eottd2025.grupoaran.com\/wp-content\/uploads\/2025\/02\/eottd2025-save-the-date.jpg\",\"width\":680,\"height\":392},{\"@type\":\"BreadcrumbList\",\"@id\":\"https:\/\/eottd2025.grupoaran.com\/en\/programme\/#breadcrumb\",\"itemListElement\":[{\"@type\":\"ListItem\",\"position\":1,\"name\":\"Portada\",\"item\":\"https:\/\/eottd2025.grupoaran.com\/en\/xiii-eottd-meeting-2025\/\"},{\"@type\":\"ListItem\",\"position\":2,\"name\":\"Programme\"}]},{\"@type\":\"WebSite\",\"@id\":\"https:\/\/eottd2025.grupoaran.com\/en\/#website\",\"url\":\"https:\/\/eottd2025.grupoaran.com\/en\/\",\"name\":\"XIII EOTTD Meeting 2025\",\"description\":\"Web oficial de la XIII Reuni\u00f3n de la EOTTD que se celebrar\u00e1 los d\u00edas 23 y 24 de mayo de 2025 en el Hospital Cl\u00ednico San Carlos, Madrid\",\"publisher\":{\"@id\":\"https:\/\/eottd2025.grupoaran.com\/en\/#organization\"},\"potentialAction\":[{\"@type\":\"SearchAction\",\"target\":{\"@type\":\"EntryPoint\",\"urlTemplate\":\"https:\/\/eottd2025.grupoaran.com\/en\/?s={search_term_string}\"},\"query-input\":{\"@type\":\"PropertyValueSpecification\",\"valueRequired\":true,\"valueName\":\"search_term_string\"}}],\"inLanguage\":\"en-US\"},{\"@type\":\"Organization\",\"@id\":\"https:\/\/eottd2025.grupoaran.com\/en\/#organization\",\"name\":\"XIII EOTTD Meeting 2025\",\"url\":\"https:\/\/eottd2025.grupoaran.com\/en\/\",\"logo\":{\"@type\":\"ImageObject\",\"inLanguage\":\"en-US\",\"@id\":\"https:\/\/eottd2025.grupoaran.com\/en\/#\/schema\/logo\/image\/\",\"url\":\"https:\/\/eottd2025.grupoaran.com\/wp-content\/uploads\/2024\/10\/logo-revisiones-diabetes-2025.png\",\"contentUrl\":\"https:\/\/eottd2025.grupoaran.com\/wp-content\/uploads\/2024\/10\/logo-revisiones-diabetes-2025.png\",\"width\":401,\"height\":154,\"caption\":\"XIII EOTTD Meeting 2025\"},\"image\":{\"@id\":\"https:\/\/eottd2025.grupoaran.com\/en\/#\/schema\/logo\/image\/\"}}]}<\/script>\n<!-- \/ Yoast SEO plugin. -->","yoast_head_json":{"title":"Programme - XIII EOTTD Meeting 2025","description":"The XIII Meeting of the EOTTD will be held on 23 and 24 May 2025 at the Hospital Cl\u00ednico San Carlos, Madrid, Spain.","robots":{"index":"index","follow":"follow","max-snippet":"max-snippet:-1","max-image-preview":"max-image-preview:large","max-video-preview":"max-video-preview:-1"},"canonical":"https:\/\/eottd2025.grupoaran.com\/en\/programme\/","og_locale":"en_US","og_type":"article","og_title":"Programme - XIII EOTTD Meeting 2025","og_description":"The XIII Meeting of the EOTTD will be held on 23 and 24 May 2025 at the Hospital Cl\u00ednico San Carlos, Madrid, Spain.","og_url":"https:\/\/eottd2025.grupoaran.com\/en\/programme\/","og_site_name":"XIII EOTTD Meeting 2025","article_modified_time":"2025-05-20T12:38:17+00:00","og_image":[{"width":680,"height":392,"url":"https:\/\/eottd2025.grupoaran.com\/wp-content\/uploads\/2025\/02\/eottd2025-save-the-date.jpg","type":"image\/jpeg"}],"twitter_card":"summary_large_image","twitter_misc":{"Est. reading time":"5 minutes"},"schema":{"@context":"https:\/\/schema.org","@graph":[{"@type":"WebPage","@id":"https:\/\/eottd2025.grupoaran.com\/en\/programme\/","url":"https:\/\/eottd2025.grupoaran.com\/en\/programme\/","name":"Programme - XIII EOTTD Meeting 2025","isPartOf":{"@id":"https:\/\/eottd2025.grupoaran.com\/en\/#website"},"primaryImageOfPage":{"@id":"https:\/\/eottd2025.grupoaran.com\/en\/programme\/#primaryimage"},"image":{"@id":"https:\/\/eottd2025.grupoaran.com\/en\/programme\/#primaryimage"},"thumbnailUrl":"https:\/\/eottd2025.grupoaran.com\/wp-content\/uploads\/2025\/02\/eottd2025-save-the-date.jpg","datePublished":"2018-05-03T13:17:53+00:00","dateModified":"2025-05-20T12:38:17+00:00","description":"The XIII Meeting of the EOTTD will be held on 23 and 24 May 2025 at the Hospital Cl\u00ednico San Carlos, Madrid, Spain.","breadcrumb":{"@id":"https:\/\/eottd2025.grupoaran.com\/en\/programme\/#breadcrumb"},"inLanguage":"en-US","potentialAction":[{"@type":"ReadAction","target":["https:\/\/eottd2025.grupoaran.com\/en\/programme\/"]}]},{"@type":"ImageObject","inLanguage":"en-US","@id":"https:\/\/eottd2025.grupoaran.com\/en\/programme\/#primaryimage","url":"https:\/\/eottd2025.grupoaran.com\/wp-content\/uploads\/2025\/02\/eottd2025-save-the-date.jpg","contentUrl":"https:\/\/eottd2025.grupoaran.com\/wp-content\/uploads\/2025\/02\/eottd2025-save-the-date.jpg","width":680,"height":392},{"@type":"BreadcrumbList","@id":"https:\/\/eottd2025.grupoaran.com\/en\/programme\/#breadcrumb","itemListElement":[{"@type":"ListItem","position":1,"name":"Portada","item":"https:\/\/eottd2025.grupoaran.com\/en\/xiii-eottd-meeting-2025\/"},{"@type":"ListItem","position":2,"name":"Programme"}]},{"@type":"WebSite","@id":"https:\/\/eottd2025.grupoaran.com\/en\/#website","url":"https:\/\/eottd2025.grupoaran.com\/en\/","name":"XIII EOTTD Meeting 2025","description":"Web oficial de la XIII Reuni\u00f3n de la EOTTD que se celebrar\u00e1 los d\u00edas 23 y 24 de mayo de 2025 en el Hospital Cl\u00ednico San Carlos, Madrid","publisher":{"@id":"https:\/\/eottd2025.grupoaran.com\/en\/#organization"},"potentialAction":[{"@type":"SearchAction","target":{"@type":"EntryPoint","urlTemplate":"https:\/\/eottd2025.grupoaran.com\/en\/?s={search_term_string}"},"query-input":{"@type":"PropertyValueSpecification","valueRequired":true,"valueName":"search_term_string"}}],"inLanguage":"en-US"},{"@type":"Organization","@id":"https:\/\/eottd2025.grupoaran.com\/en\/#organization","name":"XIII EOTTD Meeting 2025","url":"https:\/\/eottd2025.grupoaran.com\/en\/","logo":{"@type":"ImageObject","inLanguage":"en-US","@id":"https:\/\/eottd2025.grupoaran.com\/en\/#\/schema\/logo\/image\/","url":"https:\/\/eottd2025.grupoaran.com\/wp-content\/uploads\/2024\/10\/logo-revisiones-diabetes-2025.png","contentUrl":"https:\/\/eottd2025.grupoaran.com\/wp-content\/uploads\/2024\/10\/logo-revisiones-diabetes-2025.png","width":401,"height":154,"caption":"XIII EOTTD Meeting 2025"},"image":{"@id":"https:\/\/eottd2025.grupoaran.com\/en\/#\/schema\/logo\/image\/"}}]}},"_links":{"self":[{"href":"https:\/\/eottd2025.grupoaran.com\/en\/wp-json\/wp\/v2\/pages\/2876","targetHints":{"allow":["GET"]}}],"collection":[{"href":"https:\/\/eottd2025.grupoaran.com\/en\/wp-json\/wp\/v2\/pages"}],"about":[{"href":"https:\/\/eottd2025.grupoaran.com\/en\/wp-json\/wp\/v2\/types\/page"}],"author":[{"embeddable":true,"href":"https:\/\/eottd2025.grupoaran.com\/en\/wp-json\/wp\/v2\/users\/1"}],"replies":[{"embeddable":true,"href":"https:\/\/eottd2025.grupoaran.com\/en\/wp-json\/wp\/v2\/comments?post=2876"}],"version-history":[{"count":28,"href":"https:\/\/eottd2025.grupoaran.com\/en\/wp-json\/wp\/v2\/pages\/2876\/revisions"}],"predecessor-version":[{"id":3387,"href":"https:\/\/eottd2025.grupoaran.com\/en\/wp-json\/wp\/v2\/pages\/2876\/revisions\/3387"}],"wp:featuredmedia":[{"embeddable":true,"href":"https:\/\/eottd2025.grupoaran.com\/en\/wp-json\/wp\/v2\/media\/2845"}],"wp:attachment":[{"href":"https:\/\/eottd2025.grupoaran.com\/en\/wp-json\/wp\/v2\/media?parent=2876"}],"curies":[{"name":"wp","href":"https:\/\/api.w.org\/{rel}","templated":true}]}}