{"id":2879,"date":"2019-06-10T11:42:53","date_gmt":"2019-06-10T09:42:53","guid":{"rendered":"https:\/\/eottd2025.grupoaran.com\/inscripcion\/"},"modified":"2025-02-18T20:19:12","modified_gmt":"2025-02-18T19:19:12","slug":"inscripcion","status":"publish","type":"page","link":"https:\/\/eottd2025.grupoaran.com\/en\/inscripcion\/","title":{"rendered":"Registration"},"content":{"rendered":"<div id='av_section_1'  class='avia-section main_color avia-section-default avia-no-border-styling  avia-bg-style-scroll  avia-builder-el-0  el_before_av_section  avia-builder-el-first   av-minimum-height av-minimum-height-custom  container_wrap fullsize' style='background-color: #b77ca7;  '  ><div class='container' style='height:230px'><main  role=\"main\" itemprop=\"mainContentOfPage\"  class='template-page content  av-content-full alpha units'><div class='post-entry post-entry-type-page post-entry-2879'><div class='entry-content-wrapper clearfix'>\n<div class=\"flex_column av_one_full  av-animated-generic left-to-right  flex_column_div first  avia-builder-el-1  avia-builder-el-no-sibling  \" style='margin-top:0px; margin-bottom:0px; padding:30px; border-radius:0px; '><div  style='padding-bottom:0px; margin: 0 0 0 0;color:#ffffff;font-size:3vw;' class='av-special-heading av-special-heading-h2 custom-color-heading blockquote modern-quote modern-centered  avia-builder-el-2  avia-builder-el-no-sibling  av-inherit-size '><h2 class='av-special-heading-tag '  itemprop=\"headline\"  >Registration<\/h2><div class='special-heading-border'><div class='special-heading-inner-border' style='border-color:#ffffff'><\/div><\/div><\/div><\/div>\n\n<\/div><\/div><\/main><!-- close content main element --><\/div><\/div><div id='av_section_2'  class='avia-section main_color avia-section-default avia-no-border-styling  avia-bg-style-scroll  avia-builder-el-3  el_after_av_section  el_before_av_section   container_wrap fullsize' style=' '  ><div class='container' ><div class='template-page content  av-content-full alpha units'><div class='post-entry post-entry-type-page post-entry-2879'><div class='entry-content-wrapper clearfix'>\n<div class=\"flex_column av_one_half  av-animated-generic left-to-right  flex_column_div first  avia-builder-el-4  el_before_av_one_half  avia-builder-el-first  \" style='background: #f9f9f9; border-width:1px; border-color:#b77ca7; border-style:solid; padding:20px 10px 20px 10px ; background-color:#f9f9f9; border-radius:0px; '><p><div  style='padding-bottom:10px; font-size:24px;' class='av-special-heading av-special-heading-h2  blockquote modern-quote modern-centered  avia-builder-el-5  el_before_av_textblock  avia-builder-el-first  av-inherit-size '><h2 class='av-special-heading-tag '  itemprop=\"headline\"  >Registration Fee<\/h2><div class='special-heading-border'><div class='special-heading-inner-border' ><\/div><\/div><\/div><br \/>\n<section class=\"av_textblock_section \"  itemscope=\"itemscope\" itemtype=\"https:\/\/schema.org\/CreativeWork\" ><div class='avia_textblock  av_inherit_color '  style='font-size:40px; color:#b77ca7; '  itemprop=\"text\" ><table class=\"pricing-table\" border=\"1\" cellspacing=\"0\" cellpadding=\"5\">\n<thead>\n<tr>\n<th>CategorY<\/th>\n<th>FEE<\/th>\n<\/tr>\n<\/thead>\n<tbody>\n<tr>\n<td><strong>EOTTD member<\/strong><\/td>\n<td><strong>50,00 \u20ac<\/strong><\/td>\n<\/tr>\n<tr>\n<td><strong>Nurse\/resident in training<\/strong><\/td>\n<td><strong>35,00 \u20ac<\/strong><\/td>\n<\/tr>\n<tr>\n<td><strong>Non-EOTTD member<\/strong><\/td>\n<td><strong>90,00 \u20ac<\/strong><\/td>\n<\/tr>\n<tr>\n<td><strong>Hospital Cl\u00ednico San Carlos professionals<\/strong><\/td>\n<td><strong>30,00 \u20ac<\/strong><\/td>\n<\/tr>\n<\/tbody>\n<\/table>\n<\/div><\/section><br \/>\n<section class=\"av_textblock_section \"  itemscope=\"itemscope\" itemtype=\"https:\/\/schema.org\/CreativeWork\" ><div class='avia_textblock  av_inherit_color '  style='color:#222222; '  itemprop=\"text\" ><p style=\"text-align: center;\">This fee includes access to the EOTTD congress on the 23rd of May 2025, cofffee and lunch breaks.<\/p>\n<\/div><\/section><br \/>\n<div  class='avia-button-wrap avia-button-center  avia-builder-el-8  el_after_av_textblock  el_before_av_hr ' ><a href='https:\/\/congresos.grupoaran.com\/eottdmeeting-en' class='avia-button avia-button-fullwidth  avia-font-color-theme-color avia-icon_select-yes-left-icon avia-color-theme-color-highlight ' target=\"_blank\" rel=\"noopener noreferrer\"><span class='avia_button_icon avia_button_icon_left' aria-hidden='true' data-av_icon='\ue80c' data-av_iconfont='entypo-fontello'><\/span><span class='avia_iconbox_title' >Congresist<\/span><span class='avia_button_background avia-button avia-button-fullwidth avia-color-theme-color' ><\/span><\/a><\/div><br \/>\n<div  style='height:10px' class='hr hr-invisible   avia-builder-el-9  el_after_av_button_big  el_before_av_button_big  avia-builder-el-no-sibling '><span class='hr-inner ' ><span class='hr-inner-style'><\/span><\/span><\/div><br \/>\n<div  class='avia-button-wrap avia-button-center  avia-builder-el-10  el_after_av_hr  el_before_av_hr ' ><a href='https:\/\/congresos.grupoaran.com\/eottdmeeting-emp-en' class='avia-button avia-button-fullwidth  avia-font-color-theme-color avia-icon_select-yes-left-icon avia-color-theme-color-highlight ' target=\"_blank\" rel=\"noopener noreferrer\"><span class='avia_button_icon avia_button_icon_left' aria-hidden='true' data-av_icon='\ue80c' data-av_iconfont='entypo-fontello'><\/span><span class='avia_iconbox_title' >Corporate<\/span><span class='avia_button_background avia-button avia-button-fullwidth avia-color-theme-color' ><\/span><\/a><\/div><br \/>\n<div  style='height:10px' class='hr hr-invisible   avia-builder-el-11  el_after_av_button_big  avia-builder-el-no-sibling '><span class='hr-inner ' ><span class='hr-inner-style'><\/span><\/span><\/div><\/p><\/div><div class=\"flex_column av_one_half  av-animated-generic left-to-right  flex_column_div   avia-builder-el-12  el_after_av_one_half  avia-builder-el-last  \" style='background: #f9f9f9; border-width:1px; border-color:#b77ca7; border-style:solid; padding:20px 10px 20px 10px ; background-color:#f9f9f9; border-radius:0px; '><p><div  style='padding-bottom:10px; font-size:24px;' class='av-special-heading av-special-heading-h2  blockquote modern-quote modern-centered  avia-builder-el-13  el_before_av_textblock  avia-builder-el-first  av-inherit-size '><h2 class='av-special-heading-tag '  itemprop=\"headline\"  >Social Activity Fees<\/h2><div class='special-heading-border'><div class='special-heading-inner-border' ><\/div><\/div><\/div><br \/>\n<section class=\"av_textblock_section \"  itemscope=\"itemscope\" itemtype=\"https:\/\/schema.org\/CreativeWork\" ><div class='avia_textblock  av_inherit_color '  style='font-size:40px; color:#b77ca7; '  itemprop=\"text\" ><p style=\"text-align: center;\"><strong>85 \u20ac<\/strong><\/p>\n<\/div><\/section><br \/>\n<section class=\"av_textblock_section \"  itemscope=\"itemscope\" itemtype=\"https:\/\/schema.org\/CreativeWork\" ><div class='avia_textblock  av_inherit_color '  style='color:#222222; '  itemprop=\"text\" ><p style=\"text-align: center;\">This activity is prioritized for EOTTD members. This fee ncludes the social program that will be held (museum visit and dinner) on the 23rd of May 2025)<br \/>\nPlease, be aware that there will be limited places for this activity so we encourage you to register soon.<br \/>\nIn the event of a full capacity, the EOTTD members will be prioritized over non-EOTTD members.<\/p>\n<\/div><\/section><br \/>\n<div  class='avia-button-wrap avia-button-center  avia-builder-el-16  el_after_av_textblock  el_before_av_hr ' ><a href='https:\/\/congresos.grupoaran.com\/eottdmeeting-en' class='avia-button avia-button-fullwidth  avia-font-color-theme-color avia-icon_select-yes-left-icon avia-color-theme-color-highlight ' target=\"_blank\" rel=\"noopener noreferrer\"><span class='avia_button_icon avia_button_icon_left' aria-hidden='true' data-av_icon='\ue80c' data-av_iconfont='entypo-fontello'><\/span><span class='avia_iconbox_title' >Congresist<\/span><span class='avia_button_background avia-button avia-button-fullwidth avia-color-theme-color' ><\/span><\/a><\/div><br \/>\n<div  style='height:10px' class='hr hr-invisible   avia-builder-el-17  el_after_av_button_big  el_before_av_button_big  avia-builder-el-no-sibling '><span class='hr-inner ' ><span class='hr-inner-style'><\/span><\/span><\/div><br \/>\n<div  class='avia-button-wrap avia-button-center  avia-builder-el-18  el_after_av_hr  avia-builder-el-last ' ><a href='https:\/\/congresos.grupoaran.com\/eottdmeeting-emp-en' class='avia-button avia-button-fullwidth  avia-font-color-theme-color avia-icon_select-yes-left-icon avia-color-theme-color-highlight ' target=\"_blank\" rel=\"noopener noreferrer\"><span class='avia_button_icon avia_button_icon_left' aria-hidden='true' data-av_icon='\ue80c' data-av_iconfont='entypo-fontello'><\/span><span class='avia_iconbox_title' >Corporate<\/span><span class='avia_button_background avia-button avia-button-fullwidth avia-color-theme-color' ><\/span><\/a><\/div><\/p><\/div><\/div><\/div><\/div><!-- close content main div --><\/div><\/div><div id='av_section_3'  class='avia-section main_color avia-section-default avia-no-border-styling  avia-bg-style-scroll  avia-builder-el-19  el_after_av_section  avia-builder-el-last   container_wrap fullsize' style='background-color: #b77ca7;  '  ><div class='container' ><div class='template-page content  av-content-full alpha units'><div class='post-entry post-entry-type-page post-entry-2879'><div class='entry-content-wrapper clearfix'>\n<section class=\"av_textblock_section \"  itemscope=\"itemscope\" itemtype=\"https:\/\/schema.org\/CreativeWork\" ><div class='avia_textblock  av_inherit_color '  style='color:#ffffff; '  itemprop=\"text\" ><p style=\"text-align: center;\">**Attendees who register for the Congress with full registration and attend at least 90% of the scientific programme will be awarded the credit certificate.<\/p>\n<\/div><\/section>\n<\/p>\n","protected":false},"excerpt":{"rendered":"<p>The XIII Meeting of the EOTTD will be held on 23 and 24 May 2025 at the Hospital Cl\u00ednico San Carlos, Madrid, Spain.<\/p>\n","protected":false},"author":1,"featured_media":0,"parent":0,"menu_order":0,"comment_status":"closed","ping_status":"closed","template":"","meta":{"footnotes":""},"class_list":["post-2879","page","type-page","status-publish","hentry"],"yoast_head":"<!-- This site is optimized with the Yoast SEO plugin v24.7 - https:\/\/yoast.com\/wordpress\/plugins\/seo\/ -->\n<title>Registration - XIII EOTTD Meeting 2025<\/title>\n<meta name=\"description\" content=\"The XIII Meeting of the EOTTD will be held on 23 and 24 May 2025 at the Hospital Cl\u00ednico San Carlos, Madrid, Spain.\" \/>\n<meta name=\"robots\" content=\"index, follow, max-snippet:-1, max-image-preview:large, max-video-preview:-1\" \/>\n<link rel=\"canonical\" href=\"https:\/\/eottd2025.grupoaran.com\/en\/inscripcion\/\" \/>\n<meta property=\"og:locale\" content=\"en_US\" \/>\n<meta property=\"og:type\" content=\"article\" \/>\n<meta property=\"og:title\" content=\"Registration - XIII EOTTD Meeting 2025\" \/>\n<meta property=\"og:description\" content=\"The XIII Meeting of the EOTTD will be held on 23 and 24 May 2025 at the Hospital Cl\u00ednico San Carlos, Madrid, Spain.\" \/>\n<meta property=\"og:url\" content=\"https:\/\/eottd2025.grupoaran.com\/en\/inscripcion\/\" \/>\n<meta property=\"og:site_name\" content=\"XIII EOTTD Meeting 2025\" \/>\n<meta property=\"article:modified_time\" content=\"2025-02-18T19:19:12+00:00\" \/>\n<meta name=\"twitter:card\" content=\"summary_large_image\" \/>\n<meta name=\"twitter:label1\" content=\"Est. reading time\" \/>\n\t<meta name=\"twitter:data1\" content=\"4 minutes\" \/>\n<script type=\"application\/ld+json\" class=\"yoast-schema-graph\">{\"@context\":\"https:\/\/schema.org\",\"@graph\":[{\"@type\":\"WebPage\",\"@id\":\"https:\/\/eottd2025.grupoaran.com\/en\/inscripcion\/\",\"url\":\"https:\/\/eottd2025.grupoaran.com\/en\/inscripcion\/\",\"name\":\"Registration - XIII EOTTD Meeting 2025\",\"isPartOf\":{\"@id\":\"https:\/\/eottd2025.grupoaran.com\/en\/#website\"},\"datePublished\":\"2019-06-10T09:42:53+00:00\",\"dateModified\":\"2025-02-18T19:19:12+00:00\",\"description\":\"The XIII Meeting of the EOTTD will be held on 23 and 24 May 2025 at the Hospital Cl\u00ednico San Carlos, Madrid, Spain.\",\"breadcrumb\":{\"@id\":\"https:\/\/eottd2025.grupoaran.com\/en\/inscripcion\/#breadcrumb\"},\"inLanguage\":\"en-US\",\"potentialAction\":[{\"@type\":\"ReadAction\",\"target\":[\"https:\/\/eottd2025.grupoaran.com\/en\/inscripcion\/\"]}]},{\"@type\":\"BreadcrumbList\",\"@id\":\"https:\/\/eottd2025.grupoaran.com\/en\/inscripcion\/#breadcrumb\",\"itemListElement\":[{\"@type\":\"ListItem\",\"position\":1,\"name\":\"Portada\",\"item\":\"https:\/\/eottd2025.grupoaran.com\/en\/xiii-eottd-meeting-2025\/\"},{\"@type\":\"ListItem\",\"position\":2,\"name\":\"Registration\"}]},{\"@type\":\"WebSite\",\"@id\":\"https:\/\/eottd2025.grupoaran.com\/en\/#website\",\"url\":\"https:\/\/eottd2025.grupoaran.com\/en\/\",\"name\":\"XIII EOTTD Meeting 2025\",\"description\":\"Web oficial de la XIII Reuni\u00f3n de la EOTTD que se celebrar\u00e1 los d\u00edas 23 y 24 de mayo de 2025 en el Hospital Cl\u00ednico San Carlos, Madrid\",\"publisher\":{\"@id\":\"https:\/\/eottd2025.grupoaran.com\/en\/#organization\"},\"potentialAction\":[{\"@type\":\"SearchAction\",\"target\":{\"@type\":\"EntryPoint\",\"urlTemplate\":\"https:\/\/eottd2025.grupoaran.com\/en\/?s={search_term_string}\"},\"query-input\":{\"@type\":\"PropertyValueSpecification\",\"valueRequired\":true,\"valueName\":\"search_term_string\"}}],\"inLanguage\":\"en-US\"},{\"@type\":\"Organization\",\"@id\":\"https:\/\/eottd2025.grupoaran.com\/en\/#organization\",\"name\":\"XIII EOTTD Meeting 2025\",\"url\":\"https:\/\/eottd2025.grupoaran.com\/en\/\",\"logo\":{\"@type\":\"ImageObject\",\"inLanguage\":\"en-US\",\"@id\":\"https:\/\/eottd2025.grupoaran.com\/en\/#\/schema\/logo\/image\/\",\"url\":\"https:\/\/eottd2025.grupoaran.com\/wp-content\/uploads\/2024\/10\/logo-revisiones-diabetes-2025.png\",\"contentUrl\":\"https:\/\/eottd2025.grupoaran.com\/wp-content\/uploads\/2024\/10\/logo-revisiones-diabetes-2025.png\",\"width\":401,\"height\":154,\"caption\":\"XIII EOTTD Meeting 2025\"},\"image\":{\"@id\":\"https:\/\/eottd2025.grupoaran.com\/en\/#\/schema\/logo\/image\/\"}}]}<\/script>\n<!-- \/ Yoast SEO plugin. -->","yoast_head_json":{"title":"Registration - XIII EOTTD Meeting 2025","description":"The XIII Meeting of the EOTTD will be held on 23 and 24 May 2025 at the Hospital Cl\u00ednico San Carlos, Madrid, Spain.","robots":{"index":"index","follow":"follow","max-snippet":"max-snippet:-1","max-image-preview":"max-image-preview:large","max-video-preview":"max-video-preview:-1"},"canonical":"https:\/\/eottd2025.grupoaran.com\/en\/inscripcion\/","og_locale":"en_US","og_type":"article","og_title":"Registration - XIII EOTTD Meeting 2025","og_description":"The XIII Meeting of the EOTTD will be held on 23 and 24 May 2025 at the Hospital Cl\u00ednico San Carlos, Madrid, Spain.","og_url":"https:\/\/eottd2025.grupoaran.com\/en\/inscripcion\/","og_site_name":"XIII EOTTD Meeting 2025","article_modified_time":"2025-02-18T19:19:12+00:00","twitter_card":"summary_large_image","twitter_misc":{"Est. reading time":"4 minutes"},"schema":{"@context":"https:\/\/schema.org","@graph":[{"@type":"WebPage","@id":"https:\/\/eottd2025.grupoaran.com\/en\/inscripcion\/","url":"https:\/\/eottd2025.grupoaran.com\/en\/inscripcion\/","name":"Registration - XIII EOTTD Meeting 2025","isPartOf":{"@id":"https:\/\/eottd2025.grupoaran.com\/en\/#website"},"datePublished":"2019-06-10T09:42:53+00:00","dateModified":"2025-02-18T19:19:12+00:00","description":"The XIII Meeting of the EOTTD will be held on 23 and 24 May 2025 at the Hospital Cl\u00ednico San Carlos, Madrid, Spain.","breadcrumb":{"@id":"https:\/\/eottd2025.grupoaran.com\/en\/inscripcion\/#breadcrumb"},"inLanguage":"en-US","potentialAction":[{"@type":"ReadAction","target":["https:\/\/eottd2025.grupoaran.com\/en\/inscripcion\/"]}]},{"@type":"BreadcrumbList","@id":"https:\/\/eottd2025.grupoaran.com\/en\/inscripcion\/#breadcrumb","itemListElement":[{"@type":"ListItem","position":1,"name":"Portada","item":"https:\/\/eottd2025.grupoaran.com\/en\/xiii-eottd-meeting-2025\/"},{"@type":"ListItem","position":2,"name":"Registration"}]},{"@type":"WebSite","@id":"https:\/\/eottd2025.grupoaran.com\/en\/#website","url":"https:\/\/eottd2025.grupoaran.com\/en\/","name":"XIII EOTTD Meeting 2025","description":"Web oficial de la XIII Reuni\u00f3n de la EOTTD que se celebrar\u00e1 los d\u00edas 23 y 24 de mayo de 2025 en el Hospital Cl\u00ednico San Carlos, Madrid","publisher":{"@id":"https:\/\/eottd2025.grupoaran.com\/en\/#organization"},"potentialAction":[{"@type":"SearchAction","target":{"@type":"EntryPoint","urlTemplate":"https:\/\/eottd2025.grupoaran.com\/en\/?s={search_term_string}"},"query-input":{"@type":"PropertyValueSpecification","valueRequired":true,"valueName":"search_term_string"}}],"inLanguage":"en-US"},{"@type":"Organization","@id":"https:\/\/eottd2025.grupoaran.com\/en\/#organization","name":"XIII EOTTD Meeting 2025","url":"https:\/\/eottd2025.grupoaran.com\/en\/","logo":{"@type":"ImageObject","inLanguage":"en-US","@id":"https:\/\/eottd2025.grupoaran.com\/en\/#\/schema\/logo\/image\/","url":"https:\/\/eottd2025.grupoaran.com\/wp-content\/uploads\/2024\/10\/logo-revisiones-diabetes-2025.png","contentUrl":"https:\/\/eottd2025.grupoaran.com\/wp-content\/uploads\/2024\/10\/logo-revisiones-diabetes-2025.png","width":401,"height":154,"caption":"XIII EOTTD Meeting 2025"},"image":{"@id":"https:\/\/eottd2025.grupoaran.com\/en\/#\/schema\/logo\/image\/"}}]}},"_links":{"self":[{"href":"https:\/\/eottd2025.grupoaran.com\/en\/wp-json\/wp\/v2\/pages\/2879","targetHints":{"allow":["GET"]}}],"collection":[{"href":"https:\/\/eottd2025.grupoaran.com\/en\/wp-json\/wp\/v2\/pages"}],"about":[{"href":"https:\/\/eottd2025.grupoaran.com\/en\/wp-json\/wp\/v2\/types\/page"}],"author":[{"embeddable":true,"href":"https:\/\/eottd2025.grupoaran.com\/en\/wp-json\/wp\/v2\/users\/1"}],"replies":[{"embeddable":true,"href":"https:\/\/eottd2025.grupoaran.com\/en\/wp-json\/wp\/v2\/comments?post=2879"}],"version-history":[{"count":8,"href":"https:\/\/eottd2025.grupoaran.com\/en\/wp-json\/wp\/v2\/pages\/2879\/revisions"}],"predecessor-version":[{"id":3136,"href":"https:\/\/eottd2025.grupoaran.com\/en\/wp-json\/wp\/v2\/pages\/2879\/revisions\/3136"}],"wp:attachment":[{"href":"https:\/\/eottd2025.grupoaran.com\/en\/wp-json\/wp\/v2\/media?parent=2879"}],"curies":[{"name":"wp","href":"https:\/\/api.w.org\/{rel}","templated":true}]}}