{"id":2890,"date":"2021-07-05T12:50:12","date_gmt":"2021-07-05T10:50:12","guid":{"rendered":"https:\/\/eottd2025.grupoaran.com\/auspicios\/"},"modified":"2025-05-08T10:27:03","modified_gmt":"2025-05-08T08:27:03","slug":"abstracts","status":"publish","type":"page","link":"https:\/\/eottd2025.grupoaran.com\/en\/abstracts\/","title":{"rendered":"Abstracts"},"content":{"rendered":"<div id='av_section_1'  class='avia-section main_color avia-section-default avia-no-border-styling  avia-bg-style-scroll  avia-builder-el-0  el_before_av_section  avia-builder-el-first   av-minimum-height av-minimum-height-custom  container_wrap fullsize' style='background-color: #b77ca7;  '  ><div class='container' style='height:230px'><main  role=\"main\" itemprop=\"mainContentOfPage\"  class='template-page content  av-content-full alpha units'><div class='post-entry post-entry-type-page post-entry-2890'><div class='entry-content-wrapper clearfix'>\n<div class=\"flex_column av_one_full  av-animated-generic left-to-right  flex_column_div first  avia-builder-el-1  avia-builder-el-no-sibling  \" style='margin-top:0px; margin-bottom:0px; padding:30px; border-radius:0px; '><div  style='padding-bottom:0px; margin: 0 0 0 0;color:#ffffff;font-size:3vw;' class='av-special-heading av-special-heading-h1 custom-color-heading blockquote modern-quote modern-centered  avia-builder-el-2  avia-builder-el-no-sibling  av-inherit-size '><h1 class='av-special-heading-tag '  itemprop=\"headline\"  >Abstracts<\/h1><div class='special-heading-border'><div class='special-heading-inner-border' style='border-color:#ffffff'><\/div><\/div><\/div><\/div>\n\n<\/div><\/div><\/main><!-- close content main element --><\/div><\/div><div id='av_section_2'  class='avia-section main_color avia-section-default avia-no-border-styling  avia-bg-style-scroll  avia-builder-el-3  el_after_av_section  el_before_av_section   av-minimum-height av-minimum-height-custom  container_wrap fullsize' style='background-color: #b48fad;  '  ><div class='container' style='height:230px'><div class='template-page content  av-content-full alpha units'><div class='post-entry post-entry-type-page post-entry-2890'><div class='entry-content-wrapper clearfix'>\n<div class=\"flex_column av_one_full  av-animated-generic left-to-right  flex_column_div first  avia-builder-el-4  avia-builder-el-no-sibling  \" style='margin-top:0px; margin-bottom:0px; padding:30px; border-radius:0px; '><div  style='padding-bottom:0px; margin: 0 0 0 0;color:#ffffff;font-size:28px;' class='av-special-heading av-special-heading-h2 custom-color-heading blockquote modern-quote modern-centered  avia-builder-el-5  avia-builder-el-no-sibling  av-inherit-size '><h2 class='av-special-heading-tag '  itemprop=\"headline\"  >Deadline extended to 21st of April 2025 at 23.59 (CET)<\/h2><div class='special-heading-border'><div class='special-heading-inner-border' style='border-color:#ffffff'><\/div><\/div><\/div><\/div>\n\n<\/div><\/div><\/div><!-- close content main div --><\/div><\/div><div id='av_section_3'  class='avia-section main_color avia-section-default avia-no-border-styling  avia-bg-style-scroll  avia-builder-el-6  el_after_av_section  avia-builder-el-last   container_wrap fullsize' style=' '  ><div class='container' ><div class='template-page content  av-content-full alpha units'><div class='post-entry post-entry-type-page post-entry-2890'><div class='entry-content-wrapper clearfix'>\n<div class=\"flex_column av_one_full  flex_column_div first  avia-builder-el-7  avia-builder-el-no-sibling  \" style='padding:0px 20px 0px 20px ; border-radius:0px; '><p><div  style='padding-bottom:15px; ' class='av-special-heading av-special-heading-h2  blockquote modern-quote  avia-builder-el-8  el_before_av_textblock  avia-builder-el-first  '><h2 class='av-special-heading-tag '  itemprop=\"headline\"  >Abstracts XIII European Organisation for the Treatment of Trophoblastic Diseases (EOTTD) meeting<\/h2><div class='special-heading-border'><div class='special-heading-inner-border' ><\/div><\/div><\/div><br \/>\n<section class=\"av_textblock_section \"  itemscope=\"itemscope\" itemtype=\"https:\/\/schema.org\/CreativeWork\" ><div class='avia_textblock  '   itemprop=\"text\" ><p><span style=\"text-decoration: underline;\"><strong>Abstracts guidelines<\/strong><\/span>:<\/p>\n<ul>\n<li>Trainees, PhDs, any researcher who would like to send an abstract, is welcome!<\/li>\n<li>Abstracts can only be submitted via this website. Abstracts submitted by email or other via will not be accepted.<\/li>\n<li>Abstracts must be submitted in English, using UK English spelling.<\/li>\n<li>The presenting author of an accepted abstract must register and attend the congress.<\/li>\n<li>The following structure will be required:\n<ul>\n<li>Title<\/li>\n<li>Authors<\/li>\n<li>Presenting author\u2019s e-mail<\/li>\n<li>Introduction\/Background<\/li>\n<li>Methodology<\/li>\n<li>Results<\/li>\n<li>Conclusion<\/li>\n<li>Disclosures<\/li>\n<\/ul>\n<\/li>\n<li>The abstract text may not be longer than 300 words (excluding title authors and disclosures).<\/li>\n<li>All abbreviations must be defined the first time they appear in the text (but do not define in the title).<\/li>\n<li>Tables, charts and other graphics (for all in total maximum 1) are permitted and must be in high resolution JPG format.<\/li>\n<li>The abstracts will be will be selected for either poster or oral presentations. The abstract acceptance will be communicated to the presenting author by the end of April 2025. The Programme committee reserves the right to decide on the final allocation and presentation method.<\/li>\n<li>The best oral abstract will win a prize. The winner will be communicated at the end of the trainee session during the XIII EOTTD congress on the 23rd of May 2025.<\/li>\n<li>Deadline for abstracts submission: 21st of April 2025 23.59 h (CET). Abstracts sent after this deadline will not be considered.<\/li>\n<\/ul>\n<\/div><\/section><br \/>\n<div  class='avia-button-wrap avia-button-left  avia-builder-el-10  el_after_av_textblock  avia-builder-el-last ' ><a href='https:\/\/congresos.grupoaran.com\/eottdmeeting-en' class='avia-button  avia-color-theme-color   avia-icon_select-no avia-size-large avia-position-left ' target=\"_blank\" rel=\"noopener noreferrer\"><span class='avia_iconbox_title' >Send your ABSTRACT<\/span><\/a><\/div><\/p><\/div>\n","protected":false},"excerpt":{"rendered":"<p>The XIII Meeting of the EOTTD will be held on 23 and 24 May 2025 at the Hospital Cl\u00ednico San Carlos, Madrid, Spain.<\/p>\n","protected":false},"author":1,"featured_media":2845,"parent":0,"menu_order":0,"comment_status":"closed","ping_status":"closed","template":"","meta":{"footnotes":""},"class_list":["post-2890","page","type-page","status-publish","has-post-thumbnail","hentry"],"yoast_head":"<!-- This site is optimized with the Yoast SEO plugin v24.7 - https:\/\/yoast.com\/wordpress\/plugins\/seo\/ -->\n<title>Abstracts - XIII EOTTD Meeting 2025<\/title>\n<meta name=\"description\" content=\"The XIII Meeting of the EOTTD will be held on 23 and 24 May 2025 at the Hospital Cl\u00ednico San Carlos, Madrid, Spain.\" \/>\n<meta name=\"robots\" content=\"index, follow, max-snippet:-1, max-image-preview:large, max-video-preview:-1\" \/>\n<link rel=\"canonical\" href=\"https:\/\/eottd2025.grupoaran.com\/en\/abstracts\/\" \/>\n<meta property=\"og:locale\" content=\"en_US\" \/>\n<meta property=\"og:type\" content=\"article\" \/>\n<meta property=\"og:title\" content=\"Abstracts - XIII EOTTD Meeting 2025\" \/>\n<meta property=\"og:description\" content=\"The XIII Meeting of the EOTTD will be held on 23 and 24 May 2025 at the Hospital Cl\u00ednico San Carlos, Madrid, Spain.\" \/>\n<meta property=\"og:url\" content=\"https:\/\/eottd2025.grupoaran.com\/en\/abstracts\/\" \/>\n<meta property=\"og:site_name\" content=\"XIII EOTTD Meeting 2025\" \/>\n<meta property=\"article:modified_time\" content=\"2025-05-08T08:27:03+00:00\" \/>\n<meta property=\"og:image\" content=\"https:\/\/eottd2025.grupoaran.com\/wp-content\/uploads\/2025\/02\/eottd2025-save-the-date.jpg\" \/>\n\t<meta property=\"og:image:width\" content=\"680\" \/>\n\t<meta property=\"og:image:height\" content=\"392\" \/>\n\t<meta property=\"og:image:type\" content=\"image\/jpeg\" \/>\n<meta name=\"twitter:card\" content=\"summary_large_image\" \/>\n<meta name=\"twitter:label1\" content=\"Est. reading time\" \/>\n\t<meta name=\"twitter:data1\" content=\"4 minutes\" \/>\n<script type=\"application\/ld+json\" class=\"yoast-schema-graph\">{\"@context\":\"https:\/\/schema.org\",\"@graph\":[{\"@type\":\"WebPage\",\"@id\":\"https:\/\/eottd2025.grupoaran.com\/en\/abstracts\/\",\"url\":\"https:\/\/eottd2025.grupoaran.com\/en\/abstracts\/\",\"name\":\"Abstracts - XIII EOTTD Meeting 2025\",\"isPartOf\":{\"@id\":\"https:\/\/eottd2025.grupoaran.com\/en\/#website\"},\"primaryImageOfPage\":{\"@id\":\"https:\/\/eottd2025.grupoaran.com\/en\/abstracts\/#primaryimage\"},\"image\":{\"@id\":\"https:\/\/eottd2025.grupoaran.com\/en\/abstracts\/#primaryimage\"},\"thumbnailUrl\":\"https:\/\/eottd2025.grupoaran.com\/wp-content\/uploads\/2025\/02\/eottd2025-save-the-date.jpg\",\"datePublished\":\"2021-07-05T10:50:12+00:00\",\"dateModified\":\"2025-05-08T08:27:03+00:00\",\"description\":\"The XIII Meeting of the EOTTD will be held on 23 and 24 May 2025 at the Hospital Cl\u00ednico San Carlos, Madrid, Spain.\",\"breadcrumb\":{\"@id\":\"https:\/\/eottd2025.grupoaran.com\/en\/abstracts\/#breadcrumb\"},\"inLanguage\":\"en-US\",\"potentialAction\":[{\"@type\":\"ReadAction\",\"target\":[\"https:\/\/eottd2025.grupoaran.com\/en\/abstracts\/\"]}]},{\"@type\":\"ImageObject\",\"inLanguage\":\"en-US\",\"@id\":\"https:\/\/eottd2025.grupoaran.com\/en\/abstracts\/#primaryimage\",\"url\":\"https:\/\/eottd2025.grupoaran.com\/wp-content\/uploads\/2025\/02\/eottd2025-save-the-date.jpg\",\"contentUrl\":\"https:\/\/eottd2025.grupoaran.com\/wp-content\/uploads\/2025\/02\/eottd2025-save-the-date.jpg\",\"width\":680,\"height\":392},{\"@type\":\"BreadcrumbList\",\"@id\":\"https:\/\/eottd2025.grupoaran.com\/en\/abstracts\/#breadcrumb\",\"itemListElement\":[{\"@type\":\"ListItem\",\"position\":1,\"name\":\"Portada\",\"item\":\"https:\/\/eottd2025.grupoaran.com\/en\/xiii-eottd-meeting-2025\/\"},{\"@type\":\"ListItem\",\"position\":2,\"name\":\"Abstracts\"}]},{\"@type\":\"WebSite\",\"@id\":\"https:\/\/eottd2025.grupoaran.com\/en\/#website\",\"url\":\"https:\/\/eottd2025.grupoaran.com\/en\/\",\"name\":\"XIII EOTTD Meeting 2025\",\"description\":\"Web oficial de la XIII Reuni\u00f3n de la EOTTD que se celebrar\u00e1 los d\u00edas 23 y 24 de mayo de 2025 en el Hospital Cl\u00ednico San Carlos, Madrid\",\"publisher\":{\"@id\":\"https:\/\/eottd2025.grupoaran.com\/en\/#organization\"},\"potentialAction\":[{\"@type\":\"SearchAction\",\"target\":{\"@type\":\"EntryPoint\",\"urlTemplate\":\"https:\/\/eottd2025.grupoaran.com\/en\/?s={search_term_string}\"},\"query-input\":{\"@type\":\"PropertyValueSpecification\",\"valueRequired\":true,\"valueName\":\"search_term_string\"}}],\"inLanguage\":\"en-US\"},{\"@type\":\"Organization\",\"@id\":\"https:\/\/eottd2025.grupoaran.com\/en\/#organization\",\"name\":\"XIII EOTTD Meeting 2025\",\"url\":\"https:\/\/eottd2025.grupoaran.com\/en\/\",\"logo\":{\"@type\":\"ImageObject\",\"inLanguage\":\"en-US\",\"@id\":\"https:\/\/eottd2025.grupoaran.com\/en\/#\/schema\/logo\/image\/\",\"url\":\"https:\/\/eottd2025.grupoaran.com\/wp-content\/uploads\/2024\/10\/logo-revisiones-diabetes-2025.png\",\"contentUrl\":\"https:\/\/eottd2025.grupoaran.com\/wp-content\/uploads\/2024\/10\/logo-revisiones-diabetes-2025.png\",\"width\":401,\"height\":154,\"caption\":\"XIII EOTTD Meeting 2025\"},\"image\":{\"@id\":\"https:\/\/eottd2025.grupoaran.com\/en\/#\/schema\/logo\/image\/\"}}]}<\/script>\n<!-- \/ Yoast SEO plugin. -->","yoast_head_json":{"title":"Abstracts - XIII EOTTD Meeting 2025","description":"The XIII Meeting of the EOTTD will be held on 23 and 24 May 2025 at the Hospital Cl\u00ednico San Carlos, Madrid, Spain.","robots":{"index":"index","follow":"follow","max-snippet":"max-snippet:-1","max-image-preview":"max-image-preview:large","max-video-preview":"max-video-preview:-1"},"canonical":"https:\/\/eottd2025.grupoaran.com\/en\/abstracts\/","og_locale":"en_US","og_type":"article","og_title":"Abstracts - XIII EOTTD Meeting 2025","og_description":"The XIII Meeting of the EOTTD will be held on 23 and 24 May 2025 at the Hospital Cl\u00ednico San Carlos, Madrid, Spain.","og_url":"https:\/\/eottd2025.grupoaran.com\/en\/abstracts\/","og_site_name":"XIII EOTTD Meeting 2025","article_modified_time":"2025-05-08T08:27:03+00:00","og_image":[{"width":680,"height":392,"url":"https:\/\/eottd2025.grupoaran.com\/wp-content\/uploads\/2025\/02\/eottd2025-save-the-date.jpg","type":"image\/jpeg"}],"twitter_card":"summary_large_image","twitter_misc":{"Est. reading time":"4 minutes"},"schema":{"@context":"https:\/\/schema.org","@graph":[{"@type":"WebPage","@id":"https:\/\/eottd2025.grupoaran.com\/en\/abstracts\/","url":"https:\/\/eottd2025.grupoaran.com\/en\/abstracts\/","name":"Abstracts - XIII EOTTD Meeting 2025","isPartOf":{"@id":"https:\/\/eottd2025.grupoaran.com\/en\/#website"},"primaryImageOfPage":{"@id":"https:\/\/eottd2025.grupoaran.com\/en\/abstracts\/#primaryimage"},"image":{"@id":"https:\/\/eottd2025.grupoaran.com\/en\/abstracts\/#primaryimage"},"thumbnailUrl":"https:\/\/eottd2025.grupoaran.com\/wp-content\/uploads\/2025\/02\/eottd2025-save-the-date.jpg","datePublished":"2021-07-05T10:50:12+00:00","dateModified":"2025-05-08T08:27:03+00:00","description":"The XIII Meeting of the EOTTD will be held on 23 and 24 May 2025 at the Hospital Cl\u00ednico San Carlos, Madrid, Spain.","breadcrumb":{"@id":"https:\/\/eottd2025.grupoaran.com\/en\/abstracts\/#breadcrumb"},"inLanguage":"en-US","potentialAction":[{"@type":"ReadAction","target":["https:\/\/eottd2025.grupoaran.com\/en\/abstracts\/"]}]},{"@type":"ImageObject","inLanguage":"en-US","@id":"https:\/\/eottd2025.grupoaran.com\/en\/abstracts\/#primaryimage","url":"https:\/\/eottd2025.grupoaran.com\/wp-content\/uploads\/2025\/02\/eottd2025-save-the-date.jpg","contentUrl":"https:\/\/eottd2025.grupoaran.com\/wp-content\/uploads\/2025\/02\/eottd2025-save-the-date.jpg","width":680,"height":392},{"@type":"BreadcrumbList","@id":"https:\/\/eottd2025.grupoaran.com\/en\/abstracts\/#breadcrumb","itemListElement":[{"@type":"ListItem","position":1,"name":"Portada","item":"https:\/\/eottd2025.grupoaran.com\/en\/xiii-eottd-meeting-2025\/"},{"@type":"ListItem","position":2,"name":"Abstracts"}]},{"@type":"WebSite","@id":"https:\/\/eottd2025.grupoaran.com\/en\/#website","url":"https:\/\/eottd2025.grupoaran.com\/en\/","name":"XIII EOTTD Meeting 2025","description":"Web oficial de la XIII Reuni\u00f3n de la EOTTD que se celebrar\u00e1 los d\u00edas 23 y 24 de mayo de 2025 en el Hospital Cl\u00ednico San Carlos, Madrid","publisher":{"@id":"https:\/\/eottd2025.grupoaran.com\/en\/#organization"},"potentialAction":[{"@type":"SearchAction","target":{"@type":"EntryPoint","urlTemplate":"https:\/\/eottd2025.grupoaran.com\/en\/?s={search_term_string}"},"query-input":{"@type":"PropertyValueSpecification","valueRequired":true,"valueName":"search_term_string"}}],"inLanguage":"en-US"},{"@type":"Organization","@id":"https:\/\/eottd2025.grupoaran.com\/en\/#organization","name":"XIII EOTTD Meeting 2025","url":"https:\/\/eottd2025.grupoaran.com\/en\/","logo":{"@type":"ImageObject","inLanguage":"en-US","@id":"https:\/\/eottd2025.grupoaran.com\/en\/#\/schema\/logo\/image\/","url":"https:\/\/eottd2025.grupoaran.com\/wp-content\/uploads\/2024\/10\/logo-revisiones-diabetes-2025.png","contentUrl":"https:\/\/eottd2025.grupoaran.com\/wp-content\/uploads\/2024\/10\/logo-revisiones-diabetes-2025.png","width":401,"height":154,"caption":"XIII EOTTD Meeting 2025"},"image":{"@id":"https:\/\/eottd2025.grupoaran.com\/en\/#\/schema\/logo\/image\/"}}]}},"_links":{"self":[{"href":"https:\/\/eottd2025.grupoaran.com\/en\/wp-json\/wp\/v2\/pages\/2890","targetHints":{"allow":["GET"]}}],"collection":[{"href":"https:\/\/eottd2025.grupoaran.com\/en\/wp-json\/wp\/v2\/pages"}],"about":[{"href":"https:\/\/eottd2025.grupoaran.com\/en\/wp-json\/wp\/v2\/types\/page"}],"author":[{"embeddable":true,"href":"https:\/\/eottd2025.grupoaran.com\/en\/wp-json\/wp\/v2\/users\/1"}],"replies":[{"embeddable":true,"href":"https:\/\/eottd2025.grupoaran.com\/en\/wp-json\/wp\/v2\/comments?post=2890"}],"version-history":[{"count":9,"href":"https:\/\/eottd2025.grupoaran.com\/en\/wp-json\/wp\/v2\/pages\/2890\/revisions"}],"predecessor-version":[{"id":3352,"href":"https:\/\/eottd2025.grupoaran.com\/en\/wp-json\/wp\/v2\/pages\/2890\/revisions\/3352"}],"wp:featuredmedia":[{"embeddable":true,"href":"https:\/\/eottd2025.grupoaran.com\/en\/wp-json\/wp\/v2\/media\/2845"}],"wp:attachment":[{"href":"https:\/\/eottd2025.grupoaran.com\/en\/wp-json\/wp\/v2\/media?parent=2890"}],"curies":[{"name":"wp","href":"https:\/\/api.w.org\/{rel}","templated":true}]}}